{"id":2001,"date":"2024-10-09T09:41:41","date_gmt":"2024-10-09T07:41:41","guid":{"rendered":"https:\/\/www.balticcandles.com\/?page_id=2001"},"modified":"2024-10-10T07:08:41","modified_gmt":"2024-10-10T05:08:41","slug":"padomi","status":"publish","type":"page","link":"https:\/\/www.balticcandles.com\/lv\/padomi\/","title":{"rendered":"Padomi"},"content":{"rendered":"<p><strong>SVE\u010cU DEDZIN\u0100\u0160ANAS PADOMI<\/strong><\/p>\n<p>Ir maz lietu, kuras aizrauj t\u0101pat k\u0101 sveces maig\u0101 gaisma un mirdzums. Ta\u010du svar\u012bgi ir piev\u0113rst uzman\u012bbu pareizai un dro\u0161ai sveces dedzin\u0101\u0161anai. Parasti, paskatoties uz sveci, var pateikt, vai t\u0101 deg pareizi:<\/p>\n<p><strong>\u00a0<\/strong><\/p>\n<p><strong>MIER\u012aGA, L\u012aGANA LIESMA<\/strong><\/p>\n<p>Ja svece deg vienm\u0113r\u012bgi, tas noz\u012bm\u0113, ka dedzin\u0101\u0161anas process notiek pareizi.\u00a0 Dakts efekt\u012bvi uzs\u016bc nepiecie\u0161amo vaska daudzumu, kas p\u0113c tam tiek sadedzin\u0101ts liesm\u0101, radot \u016bdens tvaikus un oglek\u013ca dioks\u012bdu.<\/p>\n<p><strong>\u00a0<\/strong><\/p>\n<p><strong>SVECE NEMIRGO VAI NED\u016aMO <\/strong><\/p>\n<p>Past\u0101v\u012bga mirgo\u0161ana un d\u016bmi rodas, kad liesma l\u0101ses form\u0101 tiek trauc\u0113ta. Tad neliels daudzums nesadedzin\u0101to oglek\u013ca da\u013ci\u0146u (kv\u0113pu) izk\u013c\u016bt no liesmas un veidojas d\u016bmu str\u016bkli\u0146a. Ja sveces liesmai piek\u013c\u016bst p\u0101r\u0101k daudz (vai p\u0101r\u0101k maz) gaisa, tas trauc\u0113 deg\u0161anu un izraisa kv\u0113pu veido\u0161anos. Lai no t\u0101 izvair\u012btos, vienm\u0113r dedziniet sveces labi v\u0113din\u0101m\u0101s telp\u0101s, izvairieties no caurv\u0113ja, ventil\u0101cijas atver\u0113m vai sp\u0113c\u012bg\u0101m gaisa pl\u016bsm\u0101m.<\/p>\n<p><strong>\u00a0<\/strong><\/p>\n<p><strong>SVECE DEG VIENM\u0112R\u012aGI<\/strong><\/p>\n<p>P\u0101r\u0101k gara daktis var izrais\u012bt sveces liesmas izstiep\u0161anos un mirgo\u0161anu. T\u0101p\u0113c ir svar\u012bgi pirms katras lieto\u0161anas reizes apgriezt dakti l\u012bdz vajadz\u012bgam garumam. Ra\u017eot\u0101ja ieteicamais dakts garums parasti ir nor\u0101d\u012bts uz eti\u0137etes, visbie\u017e\u0101k tas ir 1 cm. Vienm\u0113r izmetiet nogriezt\u0101s daktis, izlietotos s\u0113rkoci\u0146us un citus gru\u017eus, kas var\u0113tu aizdegties, atrodoties sveces liesmas tuvum\u0101. Ja jums pat\u012bk dedzin\u0101t vair\u0101kas sveces vienlaikus, p\u0101rliecinieties, ka t\u0101s deg\u0161anas laik\u0101 atrodas pietiekami t\u0101lu viena no otras. Minim\u0101lais att\u0101lums starp svec\u0113m ir nor\u0101d\u012bts uz eti\u0137etes; vairums ra\u017eot\u0101ju iesaka 10\u00a0cm. P\u0101r\u0101k tuvu novietotas sveces var rad\u012bt gaisa pl\u016bsmu un izrais\u012bt sve\u010du uzliesmo\u0161anu.<\/p>\n<p><strong>\u00a0<\/strong><\/p>\n<p><strong>DEDZINOT SVECES R\u016aP\u0112JIETIES PAT DRO\u0160\u012aBU <\/strong><\/p>\n<p>Atcerieties, ka dego\u0161a svece ir atkl\u0101ta liesma. Esiet uzman\u012bgi. Vienm\u0113r iev\u0113rojiet <strong><u>noteikumus par dro\u0161u sve\u010du lieto\u0161anu<\/u><\/strong>.<\/p>\n<p><strong>\u00a0<\/strong><\/p>\n<p><strong>Ieteikumi, k\u0101 sveces saglab\u0101t lab\u0101 st\u0101vokl\u012b! <\/strong><\/p>\n<ul>\n<li>Vienm\u0113r glab\u0101jiet sveces v\u0113s\u0101, tum\u0161\u0101 un saus\u0101 viet\u0101. Tiev\u0101s sveces, piem\u0113ram, galda vai vakari\u0146u sveces, j\u0101glab\u0101 horizont\u0101li, lai nov\u0113rstu deform\u0113\u0161anos.<\/li>\n<li>Putek\u013cus un pirkstu nospiedumus no sveces var no\u0146emt, viegli paberz\u0113jot virsmu ar neilona gabalu vai m\u012bkstu dr\u0101nu. Dr\u0101nu var izmantot sausu vai viegli samitrin\u0101tu ar \u016bdeni.<\/li>\n<li>Vaska pilienus no sve\u010dtura var no\u0146emt, to noskalojot ar karstu \u016bdeni. Lai viegl\u0101k no\u0146emtu vasku no sve\u010dtura, da\u017ei speci\u0101listi iesaka to uz aptuveni stundu ielikt\u00a0 sald\u0113tav\u0101. Sald\u0113tav\u0101 vasks saraujas un tad viegli nokr\u012bt.<\/li>\n<li>Nekad neizmantojiet nazi vai k\u0101du asu priek\u0161metu, lai no\u0146emtu vaska pilienus no stikla sve\u010dtura. Tas var saskr\u0101p\u0113t stiklu vai padar\u012bt to trauslu, un tas var sapl\u012bst turpm\u0101k\u0101s lieto\u0161anas laik\u0101.<\/li>\n<li>Nededziniet sveces stikla traukos, kas nav \u012bpa\u0161i paredz\u0113ti sve\u010du dedzin\u0101\u0161anai. Stikla sve\u010dturi ir \u012bpa\u0161i izgatavoti, lai iztur\u0113tu temperat\u016bras izmai\u0146as, kas rodas, dedzinot sveci. Ikdienas stikla trauki nav paredz\u0113ti sve\u010du dedzin\u0101\u0161anai.<\/li>\n<li>Nenovietojiet sveces viet\u0101s, kur t\u0101s pak\u013cautas tie\u0161ai saules gaismai vai spilgtam iek\u0161telpu apgaismojumam, piem\u0113ram, pro\u017eektoram. Ja sveces ilgsto\u0161i atst\u0101j spilgt\u0101 gaism\u0101, t\u0101 izbal\u0113.<\/li>\n<\/ul>\n<p><strong>\u00a0<\/strong><\/p>\n<p><strong>Iem\u0101cieties izlietot atliku\u0161o vasku! <\/strong><\/p>\n<p>Ja jums pat\u012bk sveces, bet nepat\u012bk, ka svece nesadedzina visu vasku, varat mekl\u0113t veidu, k\u0101 sadedzin\u0101t vasku piln\u012bb\u0101. L\u016bk ieteikumi, ko dar\u012bt ar atliku\u0161o vasku sve\u010dturu mal\u0101s.<\/p>\n<ul>\n<li>Izvairieties no \u012bs\u0101m dedzin\u0101\u0161anas reiz\u0113m. Ja j\u016bs aizdedzin\u0101t sveci tikai uz \u012bsu br\u012bdi, vasks nesp\u0113j piln\u012bb\u0101 izkust. Vienm\u0113r iev\u0113rojiet ra\u017eot\u0101ja nor\u0101d\u012bjumus un nekad neatst\u0101jiet sveces bez uzraudz\u012bbas.<\/li>\n<li>Nepieskarieties! Vaska piespie\u0161ana karstai svecei palielina \u0101das apdegumu risku un sa\u012bsina atkl\u0101t\u0101s dakts garumu. Tas var izrais\u012bt liel\u0101ku vaska atlikumu n\u0101kamaj\u0101 dedzin\u0101\u0161anas reiz\u0113.<\/li>\n<li>Samierinieties ar to, ka vasks paliek p\u0101ri. Atliku\u0161ajam vaskam var b\u016bt ar\u012b labas \u012bpa\u0161\u012bbas \u2013 tas var nov\u0113rst sveces p\u0101rkar\u0161anu. Main\u012bgie dedzin\u0101\u0161anas apst\u0101k\u013ci var izrais\u012bt at\u0161\u0137ir\u012bgu atliku\u0161\u0101 vaska daudzumu. Piem\u0113ram, vaska daudzumu var ietekm\u0113t ar\u012b sveces dedzin\u0101\u0161anas ilgums vai telpas temperat\u016bra. Svece deg k\u0101 paredz\u0113ts, ja ir piem\u0113roti apst\u0101k\u013ci.<\/li>\n<\/ul>\n<p>&nbsp;<\/p>\n<p>Saska\u0146\u0101 ar Eiropas sve\u010du ra\u017eot\u0101ju asoci\u0101cijas publiskoto inform\u0101ciju<\/p>\n","protected":false},"excerpt":{"rendered":"<p>SVE\u010cU DEDZIN\u0100\u0160ANAS PADOMI Ir maz lietu, kuras aizrauj t\u0101pat k\u0101 sveces maig\u0101 gaisma un mirdzums. Ta\u010du svar\u012bgi ir piev\u0113rst uzman\u012bbu pareizai un dro\u0161ai sveces dedzin\u0101\u0161anai. Parasti, paskatoties uz sveci, var pateikt, vai t\u0101 deg pareizi: \u00a0 MIER\u012aGA, L\u012aGANA LIESMA Ja svece deg vienm\u0113r\u012bgi, tas noz\u012bm\u0113, ka dedzin\u0101\u0161anas process notiek pareizi.\u00a0 Dakts efekt\u012bvi uzs\u016bc nepiecie\u0161amo vaska&hellip; <a class=\"more-link\" href=\"https:\/\/www.balticcandles.com\/lv\/padomi\/\">Continue reading <span class=\"screen-reader-text\">Padomi<\/span><\/a><\/p>\n","protected":false},"author":17,"featured_media":0,"parent":0,"menu_order":0,"comment_status":"closed","ping_status":"closed","template":"","meta":{"_acf_changed":false,"footnotes":""},"class_list":["post-2001","page","type-page","status-publish","hentry","entry"],"acf":[],"yoast_head":"<!-- This site is optimized with the Yoast SEO plugin v26.9 - https:\/\/yoast.com\/product\/yoast-seo-wordpress\/ -->\n<title>Padomi - Baltic Candles LTD<\/title>\n<meta name=\"robots\" content=\"index, follow, max-snippet:-1, max-image-preview:large, max-video-preview:-1\" \/>\n<link rel=\"canonical\" href=\"https:\/\/www.balticcandles.com\/lv\/padomi\/\" \/>\n<meta property=\"og:locale\" content=\"lv_LV\" \/>\n<meta property=\"og:type\" content=\"article\" \/>\n<meta property=\"og:title\" content=\"Padomi - Baltic Candles LTD\" \/>\n<meta property=\"og:description\" content=\"SVE\u010cU DEDZIN\u0100\u0160ANAS PADOMI Ir maz lietu, kuras aizrauj t\u0101pat k\u0101 sveces maig\u0101 gaisma un mirdzums. Ta\u010du svar\u012bgi ir piev\u0113rst uzman\u012bbu pareizai un dro\u0161ai sveces dedzin\u0101\u0161anai. Parasti, paskatoties uz sveci, var pateikt, vai t\u0101 deg pareizi: \u00a0 MIER\u012aGA, L\u012aGANA LIESMA Ja svece deg vienm\u0113r\u012bgi, tas noz\u012bm\u0113, ka dedzin\u0101\u0161anas process notiek pareizi.\u00a0 Dakts efekt\u012bvi uzs\u016bc nepiecie\u0161amo vaska&hellip; Continue reading Padomi\" \/>\n<meta property=\"og:url\" content=\"https:\/\/www.balticcandles.com\/lv\/padomi\/\" \/>\n<meta property=\"og:site_name\" content=\"Baltic Candles LTD\" \/>\n<meta property=\"article:modified_time\" content=\"2024-10-10T05:08:41+00:00\" \/>\n<meta name=\"twitter:card\" content=\"summary_large_image\" \/>\n<meta name=\"twitter:label1\" content=\"Est. reading time\" \/>\n\t<meta name=\"twitter:data1\" content=\"3 minutes\" \/>\n<script type=\"application\/ld+json\" class=\"yoast-schema-graph\">{\"@context\":\"https:\/\/schema.org\",\"@graph\":[{\"@type\":\"WebPage\",\"@id\":\"https:\/\/www.balticcandles.com\/lv\/padomi\/\",\"url\":\"https:\/\/www.balticcandles.com\/lv\/padomi\/\",\"name\":\"Padomi - Baltic Candles LTD\",\"isPartOf\":{\"@id\":\"https:\/\/www.balticcandles.com\/#website\"},\"datePublished\":\"2024-10-09T07:41:41+00:00\",\"dateModified\":\"2024-10-10T05:08:41+00:00\",\"breadcrumb\":{\"@id\":\"https:\/\/www.balticcandles.com\/lv\/padomi\/#breadcrumb\"},\"inLanguage\":\"lv-LV\",\"potentialAction\":[{\"@type\":\"ReadAction\",\"target\":[\"https:\/\/www.balticcandles.com\/lv\/padomi\/\"]}]},{\"@type\":\"BreadcrumbList\",\"@id\":\"https:\/\/www.balticcandles.com\/lv\/padomi\/#breadcrumb\",\"itemListElement\":[{\"@type\":\"ListItem\",\"position\":1,\"name\":\"Home\",\"item\":\"https:\/\/www.balticcandles.com\/lv\/\"},{\"@type\":\"ListItem\",\"position\":2,\"name\":\"Padomi\"}]},{\"@type\":\"WebSite\",\"@id\":\"https:\/\/www.balticcandles.com\/#website\",\"url\":\"https:\/\/www.balticcandles.com\/\",\"name\":\"Baltic Candles LTD\",\"description\":\"Candle production, Design candles, Candles factory\",\"publisher\":{\"@id\":\"https:\/\/www.balticcandles.com\/#organization\"},\"potentialAction\":[{\"@type\":\"SearchAction\",\"target\":{\"@type\":\"EntryPoint\",\"urlTemplate\":\"https:\/\/www.balticcandles.com\/?s={search_term_string}\"},\"query-input\":{\"@type\":\"PropertyValueSpecification\",\"valueRequired\":true,\"valueName\":\"search_term_string\"}}],\"inLanguage\":\"lv-LV\"},{\"@type\":\"Organization\",\"@id\":\"https:\/\/www.balticcandles.com\/#organization\",\"name\":\"Baltic Candles LTD\",\"url\":\"https:\/\/www.balticcandles.com\/\",\"logo\":{\"@type\":\"ImageObject\",\"inLanguage\":\"lv-LV\",\"@id\":\"https:\/\/www.balticcandles.com\/#\/schema\/logo\/image\/\",\"url\":\"https:\/\/balticcandles.com\/wp-content\/uploads\/2021\/10\/balticcandles-logo.png\",\"contentUrl\":\"https:\/\/balticcandles.com\/wp-content\/uploads\/2021\/10\/balticcandles-logo.png\",\"width\":420,\"height\":90,\"caption\":\"Baltic Candles LTD\"},\"image\":{\"@id\":\"https:\/\/www.balticcandles.com\/#\/schema\/logo\/image\/\"}}]}<\/script>\n<!-- \/ Yoast SEO plugin. -->","yoast_head_json":{"title":"Padomi - Baltic Candles LTD","robots":{"index":"index","follow":"follow","max-snippet":"max-snippet:-1","max-image-preview":"max-image-preview:large","max-video-preview":"max-video-preview:-1"},"canonical":"https:\/\/www.balticcandles.com\/lv\/padomi\/","og_locale":"lv_LV","og_type":"article","og_title":"Padomi - Baltic Candles LTD","og_description":"SVE\u010cU DEDZIN\u0100\u0160ANAS PADOMI Ir maz lietu, kuras aizrauj t\u0101pat k\u0101 sveces maig\u0101 gaisma un mirdzums. Ta\u010du svar\u012bgi ir piev\u0113rst uzman\u012bbu pareizai un dro\u0161ai sveces dedzin\u0101\u0161anai. Parasti, paskatoties uz sveci, var pateikt, vai t\u0101 deg pareizi: \u00a0 MIER\u012aGA, L\u012aGANA LIESMA Ja svece deg vienm\u0113r\u012bgi, tas noz\u012bm\u0113, ka dedzin\u0101\u0161anas process notiek pareizi.\u00a0 Dakts efekt\u012bvi uzs\u016bc nepiecie\u0161amo vaska&hellip; Continue reading Padomi","og_url":"https:\/\/www.balticcandles.com\/lv\/padomi\/","og_site_name":"Baltic Candles LTD","article_modified_time":"2024-10-10T05:08:41+00:00","twitter_card":"summary_large_image","twitter_misc":{"Est. reading time":"3 minutes"},"schema":{"@context":"https:\/\/schema.org","@graph":[{"@type":"WebPage","@id":"https:\/\/www.balticcandles.com\/lv\/padomi\/","url":"https:\/\/www.balticcandles.com\/lv\/padomi\/","name":"Padomi - Baltic Candles LTD","isPartOf":{"@id":"https:\/\/www.balticcandles.com\/#website"},"datePublished":"2024-10-09T07:41:41+00:00","dateModified":"2024-10-10T05:08:41+00:00","breadcrumb":{"@id":"https:\/\/www.balticcandles.com\/lv\/padomi\/#breadcrumb"},"inLanguage":"lv-LV","potentialAction":[{"@type":"ReadAction","target":["https:\/\/www.balticcandles.com\/lv\/padomi\/"]}]},{"@type":"BreadcrumbList","@id":"https:\/\/www.balticcandles.com\/lv\/padomi\/#breadcrumb","itemListElement":[{"@type":"ListItem","position":1,"name":"Home","item":"https:\/\/www.balticcandles.com\/lv\/"},{"@type":"ListItem","position":2,"name":"Padomi"}]},{"@type":"WebSite","@id":"https:\/\/www.balticcandles.com\/#website","url":"https:\/\/www.balticcandles.com\/","name":"Baltic Candles LTD","description":"Candle production, Design candles, Candles factory","publisher":{"@id":"https:\/\/www.balticcandles.com\/#organization"},"potentialAction":[{"@type":"SearchAction","target":{"@type":"EntryPoint","urlTemplate":"https:\/\/www.balticcandles.com\/?s={search_term_string}"},"query-input":{"@type":"PropertyValueSpecification","valueRequired":true,"valueName":"search_term_string"}}],"inLanguage":"lv-LV"},{"@type":"Organization","@id":"https:\/\/www.balticcandles.com\/#organization","name":"Baltic Candles LTD","url":"https:\/\/www.balticcandles.com\/","logo":{"@type":"ImageObject","inLanguage":"lv-LV","@id":"https:\/\/www.balticcandles.com\/#\/schema\/logo\/image\/","url":"https:\/\/balticcandles.com\/wp-content\/uploads\/2021\/10\/balticcandles-logo.png","contentUrl":"https:\/\/balticcandles.com\/wp-content\/uploads\/2021\/10\/balticcandles-logo.png","width":420,"height":90,"caption":"Baltic Candles LTD"},"image":{"@id":"https:\/\/www.balticcandles.com\/#\/schema\/logo\/image\/"}}]}},"_links":{"self":[{"href":"https:\/\/www.balticcandles.com\/lv\/wp-json\/wp\/v2\/pages\/2001","targetHints":{"allow":["GET"]}}],"collection":[{"href":"https:\/\/www.balticcandles.com\/lv\/wp-json\/wp\/v2\/pages"}],"about":[{"href":"https:\/\/www.balticcandles.com\/lv\/wp-json\/wp\/v2\/types\/page"}],"author":[{"embeddable":true,"href":"https:\/\/www.balticcandles.com\/lv\/wp-json\/wp\/v2\/users\/17"}],"replies":[{"embeddable":true,"href":"https:\/\/www.balticcandles.com\/lv\/wp-json\/wp\/v2\/comments?post=2001"}],"version-history":[{"count":6,"href":"https:\/\/www.balticcandles.com\/lv\/wp-json\/wp\/v2\/pages\/2001\/revisions"}],"predecessor-version":[{"id":2016,"href":"https:\/\/www.balticcandles.com\/lv\/wp-json\/wp\/v2\/pages\/2001\/revisions\/2016"}],"wp:attachment":[{"href":"https:\/\/www.balticcandles.com\/lv\/wp-json\/wp\/v2\/media?parent=2001"}],"curies":[{"name":"wp","href":"https:\/\/api.w.org\/{rel}","templated":true}]}}