{"id":553,"date":"2021-12-10T10:27:43","date_gmt":"2021-12-10T10:27:43","guid":{"rendered":"https:\/\/balticcandles.standout-demo.dk\/apstradatas-sveces\/"},"modified":"2022-02-16T12:59:55","modified_gmt":"2022-02-16T10:59:55","slug":"apstradatas-sveces","status":"publish","type":"page","link":"https:\/\/www.balticcandles.com\/lv\/apstradatas-sveces\/","title":{"rendered":"Apstr\u0101d\u0101t\u0101s sveces"},"content":{"rendered":"","protected":false},"excerpt":{"rendered":"","protected":false},"author":18,"featured_media":0,"parent":0,"menu_order":0,"comment_status":"closed","ping_status":"closed","template":"","meta":{"_acf_changed":false,"footnotes":""},"class_list":["post-553","page","type-page","status-publish","hentry","entry"],"acf":[],"yoast_head":"<!-- This site is optimized with the Yoast SEO plugin v26.9 - https:\/\/yoast.com\/product\/yoast-seo-wordpress\/ -->\n<title>Apstr\u0101d\u0101t\u0101s sveces - Baltic Candles LTD<\/title>\n<meta name=\"robots\" content=\"index, follow, max-snippet:-1, max-image-preview:large, max-video-preview:-1\" \/>\n<link rel=\"canonical\" href=\"https:\/\/www.balticcandles.com\/processed-candles\/\" \/>\n<meta property=\"og:locale\" content=\"lv_LV\" \/>\n<meta property=\"og:type\" content=\"article\" \/>\n<meta property=\"og:title\" content=\"Apstr\u0101d\u0101t\u0101s sveces - Baltic Candles LTD\" \/>\n<meta property=\"og:url\" content=\"https:\/\/www.balticcandles.com\/processed-candles\/\" \/>\n<meta property=\"og:site_name\" content=\"Baltic Candles LTD\" \/>\n<meta property=\"article:modified_time\" content=\"2022-02-16T10:59:55+00:00\" \/>\n<meta name=\"twitter:card\" content=\"summary_large_image\" \/>\n<script type=\"application\/ld+json\" class=\"yoast-schema-graph\">{\"@context\":\"https:\/\/schema.org\",\"@graph\":[{\"@type\":\"WebPage\",\"@id\":\"https:\/\/www.balticcandles.com\/processed-candles\/\",\"url\":\"https:\/\/www.balticcandles.com\/processed-candles\/\",\"name\":\"Apstr\u0101d\u0101t\u0101s sveces - Baltic Candles LTD\",\"isPartOf\":{\"@id\":\"https:\/\/www.balticcandles.com\/#website\"},\"datePublished\":\"2021-12-10T10:27:43+00:00\",\"dateModified\":\"2022-02-16T10:59:55+00:00\",\"breadcrumb\":{\"@id\":\"https:\/\/www.balticcandles.com\/processed-candles\/#breadcrumb\"},\"inLanguage\":\"lv-LV\",\"potentialAction\":[{\"@type\":\"ReadAction\",\"target\":[\"https:\/\/www.balticcandles.com\/processed-candles\/\"]}]},{\"@type\":\"BreadcrumbList\",\"@id\":\"https:\/\/www.balticcandles.com\/processed-candles\/#breadcrumb\",\"itemListElement\":[{\"@type\":\"ListItem\",\"position\":1,\"name\":\"Home\",\"item\":\"https:\/\/www.balticcandles.com\/lv\/\"},{\"@type\":\"ListItem\",\"position\":2,\"name\":\"Apstr\u0101d\u0101t\u0101s sveces\"}]},{\"@type\":\"WebSite\",\"@id\":\"https:\/\/www.balticcandles.com\/#website\",\"url\":\"https:\/\/www.balticcandles.com\/\",\"name\":\"Baltic Candles LTD\",\"description\":\"Candle production, Design candles, Candles factory\",\"publisher\":{\"@id\":\"https:\/\/www.balticcandles.com\/#organization\"},\"potentialAction\":[{\"@type\":\"SearchAction\",\"target\":{\"@type\":\"EntryPoint\",\"urlTemplate\":\"https:\/\/www.balticcandles.com\/?s={search_term_string}\"},\"query-input\":{\"@type\":\"PropertyValueSpecification\",\"valueRequired\":true,\"valueName\":\"search_term_string\"}}],\"inLanguage\":\"lv-LV\"},{\"@type\":\"Organization\",\"@id\":\"https:\/\/www.balticcandles.com\/#organization\",\"name\":\"Baltic Candles LTD\",\"url\":\"https:\/\/www.balticcandles.com\/\",\"logo\":{\"@type\":\"ImageObject\",\"inLanguage\":\"lv-LV\",\"@id\":\"https:\/\/www.balticcandles.com\/#\/schema\/logo\/image\/\",\"url\":\"https:\/\/balticcandles.com\/wp-content\/uploads\/2021\/10\/balticcandles-logo.png\",\"contentUrl\":\"https:\/\/balticcandles.com\/wp-content\/uploads\/2021\/10\/balticcandles-logo.png\",\"width\":420,\"height\":90,\"caption\":\"Baltic Candles LTD\"},\"image\":{\"@id\":\"https:\/\/www.balticcandles.com\/#\/schema\/logo\/image\/\"}}]}<\/script>\n<!-- \/ Yoast SEO plugin. -->","yoast_head_json":{"title":"Apstr\u0101d\u0101t\u0101s sveces - Baltic Candles LTD","robots":{"index":"index","follow":"follow","max-snippet":"max-snippet:-1","max-image-preview":"max-image-preview:large","max-video-preview":"max-video-preview:-1"},"canonical":"https:\/\/www.balticcandles.com\/processed-candles\/","og_locale":"lv_LV","og_type":"article","og_title":"Apstr\u0101d\u0101t\u0101s sveces - Baltic Candles LTD","og_url":"https:\/\/www.balticcandles.com\/processed-candles\/","og_site_name":"Baltic Candles LTD","article_modified_time":"2022-02-16T10:59:55+00:00","twitter_card":"summary_large_image","schema":{"@context":"https:\/\/schema.org","@graph":[{"@type":"WebPage","@id":"https:\/\/www.balticcandles.com\/processed-candles\/","url":"https:\/\/www.balticcandles.com\/processed-candles\/","name":"Apstr\u0101d\u0101t\u0101s sveces - Baltic Candles LTD","isPartOf":{"@id":"https:\/\/www.balticcandles.com\/#website"},"datePublished":"2021-12-10T10:27:43+00:00","dateModified":"2022-02-16T10:59:55+00:00","breadcrumb":{"@id":"https:\/\/www.balticcandles.com\/processed-candles\/#breadcrumb"},"inLanguage":"lv-LV","potentialAction":[{"@type":"ReadAction","target":["https:\/\/www.balticcandles.com\/processed-candles\/"]}]},{"@type":"BreadcrumbList","@id":"https:\/\/www.balticcandles.com\/processed-candles\/#breadcrumb","itemListElement":[{"@type":"ListItem","position":1,"name":"Home","item":"https:\/\/www.balticcandles.com\/lv\/"},{"@type":"ListItem","position":2,"name":"Apstr\u0101d\u0101t\u0101s sveces"}]},{"@type":"WebSite","@id":"https:\/\/www.balticcandles.com\/#website","url":"https:\/\/www.balticcandles.com\/","name":"Baltic Candles LTD","description":"Candle production, Design candles, Candles factory","publisher":{"@id":"https:\/\/www.balticcandles.com\/#organization"},"potentialAction":[{"@type":"SearchAction","target":{"@type":"EntryPoint","urlTemplate":"https:\/\/www.balticcandles.com\/?s={search_term_string}"},"query-input":{"@type":"PropertyValueSpecification","valueRequired":true,"valueName":"search_term_string"}}],"inLanguage":"lv-LV"},{"@type":"Organization","@id":"https:\/\/www.balticcandles.com\/#organization","name":"Baltic Candles LTD","url":"https:\/\/www.balticcandles.com\/","logo":{"@type":"ImageObject","inLanguage":"lv-LV","@id":"https:\/\/www.balticcandles.com\/#\/schema\/logo\/image\/","url":"https:\/\/balticcandles.com\/wp-content\/uploads\/2021\/10\/balticcandles-logo.png","contentUrl":"https:\/\/balticcandles.com\/wp-content\/uploads\/2021\/10\/balticcandles-logo.png","width":420,"height":90,"caption":"Baltic Candles LTD"},"image":{"@id":"https:\/\/www.balticcandles.com\/#\/schema\/logo\/image\/"}}]}},"_links":{"self":[{"href":"https:\/\/www.balticcandles.com\/lv\/wp-json\/wp\/v2\/pages\/553","targetHints":{"allow":["GET"]}}],"collection":[{"href":"https:\/\/www.balticcandles.com\/lv\/wp-json\/wp\/v2\/pages"}],"about":[{"href":"https:\/\/www.balticcandles.com\/lv\/wp-json\/wp\/v2\/types\/page"}],"author":[{"embeddable":true,"href":"https:\/\/www.balticcandles.com\/lv\/wp-json\/wp\/v2\/users\/18"}],"replies":[{"embeddable":true,"href":"https:\/\/www.balticcandles.com\/lv\/wp-json\/wp\/v2\/comments?post=553"}],"version-history":[{"count":7,"href":"https:\/\/www.balticcandles.com\/lv\/wp-json\/wp\/v2\/pages\/553\/revisions"}],"predecessor-version":[{"id":729,"href":"https:\/\/www.balticcandles.com\/lv\/wp-json\/wp\/v2\/pages\/553\/revisions\/729"}],"wp:attachment":[{"href":"https:\/\/www.balticcandles.com\/lv\/wp-json\/wp\/v2\/media?parent=553"}],"curies":[{"name":"wp","href":"https:\/\/api.w.org\/{rel}","templated":true}]}}